{"id":790,"date":"2015-08-27T12:00:01","date_gmt":"2015-08-27T10:00:01","guid":{"rendered":"http:\/\/www.stark-bilder.ch\/files\/?post_type=product&#038;p=790"},"modified":"2023-12-08T17:02:11","modified_gmt":"2023-12-08T16:02:11","slug":"a-15-005","status":"publish","type":"product","link":"https:\/\/stark-bilder.ch\/files\/werke\/a-15-005\/","title":{"rendered":"a-15-005"},"content":{"rendered":"","protected":false},"excerpt":{"rendered":"<h1>&#8222;Eiche&#8220;<\/h1>\n<h3>Original:<\/h3>\n<p>(verkauft)<br \/>\nPastellkreide auf Papier &#8211; 42 x 56 cm<br \/>\nPastellkreiden bestehen aus hochkonzentrierten Pigmenten. Um die Leuchtkraft der Farben nicht zu schm\u00e4lern sind die Bilder nur leicht fixiert.<br \/>\nDie Oberfl\u00e4che sollte m\u00f6glichst nicht ber\u00fchrt werden um die Farbpigmente nicht abzul\u00f6sen.  <\/p>\n<h3>Drucke: <\/h3>\n<p>Die Bilder werden von Muriel Kunz fotografiert und digitalisiert. Mit den Druckereien stehe ich in pers\u00f6nlichem Kontakt.<br \/>\nJeder Leinwanddruck wird von mir gepr\u00fcft und auf der R\u00fcckseite handsigniert und nummeriert.<br \/>\nAlle Leinwanddrucke sind limitiert auf 38 St\u00fcck.<br \/>\nDie Bilder werden auf Leinwand aus Baumwolle gedruckt, bespannt auf einen 2cm breiten Keilrahmen. Die seitlichen R\u00e4nder sind weiss.<\/p>\n<h3>Karten<\/h3>\n<p>Karte A5 , Qualit\u00e4tsdruck Papier matt 240g\/m2<br \/>\nFaltkarte A5 , Qualit\u00e4tsdruck Papier matt 240g\/m2 mit Couvert <\/p>\n<div class=\"divider-2\"><\/div>\n","protected":false},"featured_media":791,"template":"","meta":[],"product_cat":[96,129],"product_tag":[],"_links":{"self":[{"href":"https:\/\/stark-bilder.ch\/files\/wp-json\/wp\/v2\/product\/790"}],"collection":[{"href":"https:\/\/stark-bilder.ch\/files\/wp-json\/wp\/v2\/product"}],"about":[{"href":"https:\/\/stark-bilder.ch\/files\/wp-json\/wp\/v2\/types\/product"}],"wp:featuredmedia":[{"embeddable":true,"href":"https:\/\/stark-bilder.ch\/files\/wp-json\/wp\/v2\/media\/791"}],"wp:attachment":[{"href":"https:\/\/stark-bilder.ch\/files\/wp-json\/wp\/v2\/media?parent=790"}],"wp:term":[{"taxonomy":"product_cat","embeddable":true,"href":"https:\/\/stark-bilder.ch\/files\/wp-json\/wp\/v2\/product_cat?post=790"},{"taxonomy":"product_tag","embeddable":true,"href":"https:\/\/stark-bilder.ch\/files\/wp-json\/wp\/v2\/product_tag?post=790"}],"curies":[{"name":"wp","href":"https:\/\/api.w.org\/{rel}","templated":true}]}}