{"id":2934,"date":"2023-12-08T15:26:58","date_gmt":"2023-12-08T14:26:58","guid":{"rendered":"https:\/\/stark-bilder.ch\/files\/?post_type=product&#038;p=2934"},"modified":"2023-12-08T17:54:46","modified_gmt":"2023-12-08T16:54:46","slug":"a-21-004","status":"publish","type":"product","link":"https:\/\/stark-bilder.ch\/files\/werke\/a-21-004\/","title":{"rendered":"A-21-004"},"content":{"rendered":"","protected":false},"excerpt":{"rendered":"<h1>&#8222;lores de mediodia&#8220;<\/h1>\n<h3>Original:<\/h3>\n<p>Acryl auf Leinwand mit 2cm starkem Keilrahmen<br \/>\nGr\u00f6sse 45 x 45 cm<\/p>\n<h3>Drucke: <\/h3>\n<p>Das Bild wurde von Silvan Bucher fotografiert und digitalisiert. Mit den Druckereien stehe ich in pers\u00f6nlichem Kontakt.<br \/>\nJeder Leinwanddruck wird von mir gepr\u00fcft und auf der R\u00fcckseite handsigniert und nummeriert.<br \/>\nDie Grossdrucke sind limitiert auf 38 St\u00fcck. Andere Gr\u00f6ssen sind auf Anfrage m\u00f6glich.<br \/>\nDie Bilder werden auf Leinwand aus beschichteter Baumwolle gedruckt, bespannt auf einen 2cm breiten Keilrahmen.<br \/>\nDie seitlichen R\u00e4nder sind weiss.<\/p>\n<h3>Karte: <\/h3>\n<p>15 x 15 cm, Qualit\u00e4tsdruck auf Papier matt 240g\/m2<\/p>\n<div class=\"divider-2\"><\/div>\n","protected":false},"featured_media":2857,"template":"","meta":[],"product_cat":[96],"product_tag":[],"_links":{"self":[{"href":"https:\/\/stark-bilder.ch\/files\/wp-json\/wp\/v2\/product\/2934"}],"collection":[{"href":"https:\/\/stark-bilder.ch\/files\/wp-json\/wp\/v2\/product"}],"about":[{"href":"https:\/\/stark-bilder.ch\/files\/wp-json\/wp\/v2\/types\/product"}],"wp:featuredmedia":[{"embeddable":true,"href":"https:\/\/stark-bilder.ch\/files\/wp-json\/wp\/v2\/media\/2857"}],"wp:attachment":[{"href":"https:\/\/stark-bilder.ch\/files\/wp-json\/wp\/v2\/media?parent=2934"}],"wp:term":[{"taxonomy":"product_cat","embeddable":true,"href":"https:\/\/stark-bilder.ch\/files\/wp-json\/wp\/v2\/product_cat?post=2934"},{"taxonomy":"product_tag","embeddable":true,"href":"https:\/\/stark-bilder.ch\/files\/wp-json\/wp\/v2\/product_tag?post=2934"}],"curies":[{"name":"wp","href":"https:\/\/api.w.org\/{rel}","templated":true}]}}