{"id":2312,"date":"2019-12-06T09:13:39","date_gmt":"2019-12-06T08:13:39","guid":{"rendered":"http:\/\/stark-bilder.ch\/files\/?post_type=product&#038;p=2312"},"modified":"2023-12-08T11:52:19","modified_gmt":"2023-12-08T10:52:19","slug":"a-19-011","status":"publish","type":"product","link":"https:\/\/stark-bilder.ch\/files\/werke\/a-19-011\/","title":{"rendered":"A-19-011"},"content":{"rendered":"","protected":false},"excerpt":{"rendered":"<h1>&#8222;aus dem Nichts&#8220;<\/h1>\n<h3>Original:<\/h3>\n<p>Pigmente und Acryl auf Leinwand mit 2cm starkem Keilrahmen<br \/>\n70 x 50 cm<\/p>\n<h3>Drucke: <\/h3>\n<p>Das Bild wurde von Silvan Bucher fotografiert und digitalisiert. Mit den Druckereien stehe ich in pers\u00f6nlichem Kontakt.<br \/>\nJeder Leinwanddruck wird von mir gepr\u00fcft und auf der R\u00fcckseite handsigniert und nummeriert.<br \/>\nDie Grossdrucke sind limitiert auf 38 St\u00fcck. Andere Gr\u00f6ssen sind auf Anfrage m\u00f6glich.<br \/>\nDie Bilder werden auf Leinwand aus beschichteter Baumwolle gedruckt, bespannt auf einen 2cm breiten Keilrahmen.<br \/>\nDie seitlichen R\u00e4nder sind weiss.<\/p>\n<div class=\"divider-2\"><\/div>\n","protected":false},"featured_media":2246,"template":"","meta":[],"product_cat":[96,111],"product_tag":[],"_links":{"self":[{"href":"https:\/\/stark-bilder.ch\/files\/wp-json\/wp\/v2\/product\/2312"}],"collection":[{"href":"https:\/\/stark-bilder.ch\/files\/wp-json\/wp\/v2\/product"}],"about":[{"href":"https:\/\/stark-bilder.ch\/files\/wp-json\/wp\/v2\/types\/product"}],"wp:featuredmedia":[{"embeddable":true,"href":"https:\/\/stark-bilder.ch\/files\/wp-json\/wp\/v2\/media\/2246"}],"wp:attachment":[{"href":"https:\/\/stark-bilder.ch\/files\/wp-json\/wp\/v2\/media?parent=2312"}],"wp:term":[{"taxonomy":"product_cat","embeddable":true,"href":"https:\/\/stark-bilder.ch\/files\/wp-json\/wp\/v2\/product_cat?post=2312"},{"taxonomy":"product_tag","embeddable":true,"href":"https:\/\/stark-bilder.ch\/files\/wp-json\/wp\/v2\/product_tag?post=2312"}],"curies":[{"name":"wp","href":"https:\/\/api.w.org\/{rel}","templated":true}]}}