{"id":2258,"date":"2019-12-05T13:32:25","date_gmt":"2019-12-05T12:32:25","guid":{"rendered":"http:\/\/stark-bilder.ch\/files\/?post_type=product&#038;p=2258"},"modified":"2023-12-08T11:21:52","modified_gmt":"2023-12-08T10:21:52","slug":"a-18-003","status":"publish","type":"product","link":"https:\/\/stark-bilder.ch\/files\/werke\/a-18-003\/","title":{"rendered":"A-18-003"},"content":{"rendered":"","protected":false},"excerpt":{"rendered":"<h1>&#8222;Ph\u00f6nix erwacht&#8220;<br \/><span>Was mag neues daraus entstehen?<\/span><\/h1>\n<h3>Original:<\/h3>\n<p>Acryl auf Leinwand mit 2 cm starkem Keilrahmen<br \/>\nGr\u00f6sse 70 x 50 cm<\/p>\n<h3>Drucke: <\/h3>\n<p>Das Bild wurde von Silvan Bucher fotografiert und digitalisiert. Mit den Druckereien stehe ich in pers\u00f6nlichem Kontakt.<br \/>\nJeder Leinwanddruck wird von mir gepr\u00fcft und auf der R\u00fcckseite handsigniert und nummeriert.<br \/>\nDie Grossdrucke sind limitiert auf 38 St\u00fcck. Andere Gr\u00f6ssen sind auf Anfrage m\u00f6glich.<br \/>\nDie Bilder werden auf Leinwand aus beschichteter Baumwolle gedruckt, bespannt auf einen 2cm breiten Keilrahmen.<br \/>\nDie seitlichen R\u00e4nder sind weiss.<\/p>\n<div class=\"divider-2\"><\/div>\n","protected":false},"featured_media":2233,"template":"","meta":[],"product_cat":[96,109],"product_tag":[],"_links":{"self":[{"href":"https:\/\/stark-bilder.ch\/files\/wp-json\/wp\/v2\/product\/2258"}],"collection":[{"href":"https:\/\/stark-bilder.ch\/files\/wp-json\/wp\/v2\/product"}],"about":[{"href":"https:\/\/stark-bilder.ch\/files\/wp-json\/wp\/v2\/types\/product"}],"wp:featuredmedia":[{"embeddable":true,"href":"https:\/\/stark-bilder.ch\/files\/wp-json\/wp\/v2\/media\/2233"}],"wp:attachment":[{"href":"https:\/\/stark-bilder.ch\/files\/wp-json\/wp\/v2\/media?parent=2258"}],"wp:term":[{"taxonomy":"product_cat","embeddable":true,"href":"https:\/\/stark-bilder.ch\/files\/wp-json\/wp\/v2\/product_cat?post=2258"},{"taxonomy":"product_tag","embeddable":true,"href":"https:\/\/stark-bilder.ch\/files\/wp-json\/wp\/v2\/product_tag?post=2258"}],"curies":[{"name":"wp","href":"https:\/\/api.w.org\/{rel}","templated":true}]}}