{"id":1218,"date":"2016-10-31T14:00:47","date_gmt":"2016-10-31T13:00:47","guid":{"rendered":"http:\/\/www.stark-bilder.ch\/files\/?post_type=product&#038;p=1218"},"modified":"2023-12-08T17:01:51","modified_gmt":"2023-12-08T16:01:51","slug":"a-16-009","status":"publish","type":"product","link":"https:\/\/stark-bilder.ch\/files\/werke\/a-16-009\/","title":{"rendered":"a-16-009"},"content":{"rendered":"","protected":false},"excerpt":{"rendered":"<h1>&#8222;DrachenFeuer&#8220;<\/h1>\n<h3>Original:<\/h3>\n<p>Platziert. <br \/>Mit Pigmenten und Acryl gemalt auf Leinwand mit 4cm starkem Keilrahmen<br \/>\nGr\u00f6\u00dfe 100 x 80 cm &#8211; Nur Abholung<\/p>\n<h3>Drucke: <\/h3>\n<p>Das Bild wurde von Silvan Bucher fotografiert und digitalisiert. Mit den Druckereien stehe ich in pers\u00f6nlichem Kontakt.<br \/>\nJeder Leinwanddruck wird von mir gepr\u00fcft und auf der R\u00fcckseite handsigniert und nummeriert.<br \/>\nAlle Leinwanddrucke sind limitiert auf 38 St\u00fcck. Andere Gr\u00f6ssen auf Anfrage m\u00f6glich.<br \/>\nDie Bilder werden auf Leinwand aus Baumwolle gedruckt, bespannt auf einen 2cm breiten Keilrahmen.<br \/>\nDie seitlichen R\u00e4nder sind weiss.<\/p>\n<div class=\"divider-2\"><\/div>\n","protected":false},"featured_media":1223,"template":"","meta":[],"product_cat":[96,129],"product_tag":[],"_links":{"self":[{"href":"https:\/\/stark-bilder.ch\/files\/wp-json\/wp\/v2\/product\/1218"}],"collection":[{"href":"https:\/\/stark-bilder.ch\/files\/wp-json\/wp\/v2\/product"}],"about":[{"href":"https:\/\/stark-bilder.ch\/files\/wp-json\/wp\/v2\/types\/product"}],"wp:featuredmedia":[{"embeddable":true,"href":"https:\/\/stark-bilder.ch\/files\/wp-json\/wp\/v2\/media\/1223"}],"wp:attachment":[{"href":"https:\/\/stark-bilder.ch\/files\/wp-json\/wp\/v2\/media?parent=1218"}],"wp:term":[{"taxonomy":"product_cat","embeddable":true,"href":"https:\/\/stark-bilder.ch\/files\/wp-json\/wp\/v2\/product_cat?post=1218"},{"taxonomy":"product_tag","embeddable":true,"href":"https:\/\/stark-bilder.ch\/files\/wp-json\/wp\/v2\/product_tag?post=1218"}],"curies":[{"name":"wp","href":"https:\/\/api.w.org\/{rel}","templated":true}]}}