{"id":303,"date":"2015-06-25T14:51:16","date_gmt":"2015-06-25T12:51:16","guid":{"rendered":"http:\/\/www.stark-bilder.ch\/files\/?page_id=303"},"modified":"2024-01-22T17:10:42","modified_gmt":"2024-01-22T16:10:42","slug":"agb","status":"publish","type":"page","link":"https:\/\/stark-bilder.ch\/files\/agb\/","title":{"rendered":"AGB"},"content":{"rendered":"<div class=\"divider-2\"><\/div>\n<div class=\"row\">\n<div class=\"col-md-4\">\n<p class=\"stil-medium border-bottom\">\n<h1 id=\"top\"> Versand und Lieferbedingungen<\/h1>\n<\/div>\n<div class=\"col-md-8\">\n<ul>\n<div class=\"divider-2\"><\/div>\n<h3>Versand in der Schweiz<\/h3>\n<li>Karten &#8211; CHF 1.20<\/li>\n<li>Bilder &#8211; bis max. 100 cm x 60cm CHF 20,50<\/li>\n<li>Bilder &#8211; gr\u00f6\u00dfer CHF 39,50<\/li>\n<h3>Versand ins Ausland &#8211; Deutschland, \u00d6sterreich und Frankreich<\/h3>\n<li>Karten  DE, A und F &#8211; CHF  4.30<\/li>\n<li>Bilder DE, A, und F &#8211; bis max. 100 cm x 60cm CHF 46.-<\/li>\n<li>Bilder DE, A, und F &#8211; gr\u00f6\u00dfer CHF 61.-<\/li>\n<p>&#8211; andere L\u00e4nder bitte anfragen<\/p>\n<p>Bei Lieferungen nach Deutschland, \u00d6sterreich und Frankreich sind  Steuern (meist MWst.-Satz des Landes) und evtl. Z\u00f6lle und Geb\u00fchren vom Kunden zu bezahlen, die im angezeigten Gesamtpreis nicht enthalten sind.<br \/>\nDiese werden nicht dem Anbieter, sondern an die zust\u00e4ndige Zoll- bzw. Steuerbeh\u00f6rde bezahlt. Dem Kunden wird empfohlen Einzelheiten vor der Bestellung bei den Zoll- bzw. Steuerbeh\u00f6rden zu erfragen.<\/p>\n<p><i class=\"fa fa-chevron-right orange\"><\/i><a id=\"smoothup\" href=\"#zeiten\"> Lieferzeiten <\/a><br \/>\n<\/div>\n<\/div>\n<div class=\"divider\"><\/div>\n<div class=\"row\">\n<div class=\"col-md-4\">\n<h1> Datenschutz<\/h1>\n<\/div>\n<div class=\"col-md-8\">\n<div class=\"divider-2\"><\/div>\n<h3>Privatsph\u00e4re<\/h3>\n<p>Pers\u00f6nliche Informationen, werden nur gesammelt um Auftr\u00e4ge zu verarbeiten. Ich verkaufe, handele oder vermiete Ihre pers\u00f6nlichen Informationen NICHT an Dritte.<\/p>\n<p>Ben\u00f6tigte Angaben<br \/>\nUm einen Auftrag ordnungsgem\u00e4ss auszuf\u00fchren, ben\u00f6tige ich Ihren Namen, Vornamen, E-mail Adresse, Telefonnummer und Postadresse.<br \/>\n<a href=\"https:\/\/stark-bilder.ch\/files\/datenschutz\/\" target=\"_blank\" rel=\"noopener\">zu den Datenschutzbetimmungen<\/a><br \/>\n<\/div>\n<\/div>\n<div class=\"divider\"><\/div>\n<div class=\"row\">\n<div class=\"col-md-4\">\n<h1 id=\"agb\"> AGB<\/h1>\n<\/div>\n<div class=\"col-md-8\">\n<div class=\"divider-2\"><\/div>\n<p>Allgemeine Gesch\u00e4ftsbedingungen der Galerie\u201estark-bilder.ch\u201c<\/p>\n<h3>\u00a7 \u2013 Anbieter, Einbeziehung der AGB<\/p>\n<h3>\n<p>(1) Anbieter und Vertragspartner f\u00fcr die in der Galerie \u201estark-bilder.ch\u201c dargestellten Werke ist: Dorit Stark (im folgenden kurz \u201eAnbieterin\u201c).<\/p>\n<p>(2) Diese allgemeinen Gesch\u00e4ftsbedingungen sind Bestandteil jeder vertraglichen Vereinbarung zwischen der Anbieterin und dem jeweiligen Besteller.<br \/>\nSie gelten insbesondere auch dann, wenn der\/die Auftraggeber\/in Allgemeine Gesch\u00e4ftsbedingungen verwendet und diese entgegenstehende oder von den hier aufgef\u00fchren AGB\u00b4s abweichende Bedingungen enthalten. Sie gelten als vereinbart, wenn ihnen nicht umgehend schriftlich widersprochen wird.<\/p>\n<h3>\u00a7  \u2013 Warenangebot und Vertragsschluss<\/h3>\n<p>1) Die Anbieterin bietet in ihrer Galerie \u201estark-bilder.ch\u201c dargestellte Artikel zum Kauf an. Die Beschaffenheit der bestellten Waren ergibt sich aus den Produktbeschreibungen. Abbildungen auf der Internetseite geben die Werke u.U. nur ungenau wieder; insb. Farben k\u00f6nnen aus technischen Gr\u00fcnden erheblich abweichen. Bilder dienen lediglich als Anschauungsmaterial und<br \/>\nk\u00f6nnen vom Werk abweichen. Technische Daten, Gewichts-, Ma\u00df und Leistungsbeschreibung sind so pr\u00e4zise wie m\u00f6glich angegeben, k\u00f6nnen aber die \u00fcblichen Abweichungen aufweisen. Die hier beschriebenen Eigenschaften stellen keine M\u00e4ngel der vom Anbieter gelieferten Werke dar.<\/p>\n<p>(2) Warenauswahl, Vertragsschluss und Vertragsabwicklung erfolgen in deutscher Sprache.<\/p>\n<p>(3) F\u00fcr die in der Galerie \u201cstark-bilder.ch\u201d dargestellten Waren gibt die Anbieterin ein verbindliches Kaufangebot ab. Mit der Absendung des Bestellwunsches \u00fcber den Button \u201eAnfragen\u201c nimmt der Besteller Kontakt mit der Anbieterin auf.<br \/>\nDie automatische Empfangsbest\u00e4tigung dokumentiert lediglich, dass die Anfrage des Kunden bei der Anbieterin eingegangen ist und stellt keine Annahme des Antrags dar. Der Vertrag kommt erst durch die Abgabe der Annahmeerkl\u00e4rung durch die Anbieterin zustande, die mit einer gesonderten E-Mail innerhalb von 4 Arbeitstagen versandt wird.<\/p>\n<p>(4) Bei Lieferhindernissen oder anderen Umst\u00e4nden, die der Vertragserf\u00fcllung entgegenstehen w\u00fcrden, informiert die Anbieterin den\/die Besteller\/in per E-Mail. Eine Teillieferung erfolgt nur nach Zustimmung durch den Besteller.<\/p>\n<h3 id=\"bezahlung\">\u00a7 \u2013 Preise und Bezahlung<\/h3>\n<p>(1) Alle Produktpreise verstehen sich als Endpreise zzgl. Versandkosten.<br \/>\n(2) Die Versandkosten sind unter <a id=\"smoothup\" href=\"#top\">\u201eVersand &#038; Lieferungbedingungen\u201c<\/a> aufgef\u00fchrt.<br \/>\n(3) Die Anbieterin liefert nach Wahl des Bestellers gegen Vorkasse per Bank\u00fcberweisung oder gegen Barzahlung bei Abholung.<br \/>\n(4) F\u00fcr Vorkasse-Bestellungen gilt eine Zahlungsfrist von einer Woche ab Zugang der Vertragsbest\u00e4tigung. Die Anbieterin legt die gew\u00fcnschte Ware w\u00e4hrend der Dauer der Zahlungsfrist f\u00fcr den Besteller zur\u00fcck. Es obliegt dem Besteller, seine Zahlung so rechtzeitig zu bewirken, dass sie bei der Anbieterin innerhalb der Frist eingeht. Die Anbieterin beh\u00e4lt sich das Recht vor, vom Kaufvertrag zur\u00fcckzutreten und die Ware anderweitig zu verkaufen, wenn die Zahlung bis Ablauf der Frist nicht eingegangen ist. Eine nach R\u00fccktritt eingehende Zahlung des Bestellers wird dem Besteller erstattet.<\/p>\n<h3 id=\"zeiten\">\u00a7 \u2013 Versand, Lieferfristen<\/h3>\n<p>(1) Die Anbieterin \u00fcbergibt die zu liefernde Ware innerhalb von 10 Werktagen ab vollst\u00e4ndigem Zahlungseingang an das Versandunternehmen.<br \/>\n(2) Das Versandunternehmen ben\u00f6tigt f\u00fcr die Zustellung ca. 2 Werktage ab \u00dcbergabe durch die Anbieterin, soweit in der Artikelbeschreibung nicht abweichend angegeben.<br \/>\n(3) Wenn die Lieferung an den Besteller fehlschl\u00e4gt, weil der Besteller die Lieferadresse falsch oder unvollst\u00e4ndig angegeben hat, erfolgt ein erneuter Zustellversuch nur, wenn der Besteller die Kosten f\u00fcr den erneuten Versand \u00fcbernimmt. Die erneuten Versandkosten entsprechen den bei Vertragsschluss vereinbarten Versandkosten. Die Anbieterin wird dazu dem Besteller die erforderlichen Kosten einer erneuten Zustellung per E-Mail mitteilen. Ein erneuter Versand erfolgt erst nach Zahlungseingang dieser Kosten.<br \/>\n(4) Hat der Besteller als Zahlungsmethode Barzahlung gew\u00e4hlt, wird die Ware nicht versandt. Statt dessen kann der Besteller die Ware nach Terminvereinbarung mit der Anbieterin am Gesch\u00e4ftssitz der Anbieterin abholen.<\/p>\n<h3>\u00a7 \u2013 Schlussbestimmungen<\/h3>\n<p>(1) Die Anbieterin erhebt und verarbeitet die vom Besteller im Rahmen seines Einkaufs eingegebenen Daten zum Zwecke der Vertragsbearbeitung und -erf\u00fcllung.<br \/>\n(2) Sollten sich einzelne Bestimmungen dieser allgemeinen Gesch\u00e4ftsbedingungen als unwirksam oder undurchf\u00fchrbar erweisen, so ber\u00fchrt dies nicht die Wirksamkeit der \u00fcbrigen Bestimmungen.<\/p>\n<\/div>\n<\/div>\n","protected":false},"excerpt":{"rendered":"","protected":false},"author":1,"featured_media":0,"parent":0,"menu_order":0,"comment_status":"closed","ping_status":"closed","template":"","meta":{"footnotes":""},"_links":{"self":[{"href":"https:\/\/stark-bilder.ch\/files\/wp-json\/wp\/v2\/pages\/303"}],"collection":[{"href":"https:\/\/stark-bilder.ch\/files\/wp-json\/wp\/v2\/pages"}],"about":[{"href":"https:\/\/stark-bilder.ch\/files\/wp-json\/wp\/v2\/types\/page"}],"author":[{"embeddable":true,"href":"https:\/\/stark-bilder.ch\/files\/wp-json\/wp\/v2\/users\/1"}],"replies":[{"embeddable":true,"href":"https:\/\/stark-bilder.ch\/files\/wp-json\/wp\/v2\/comments?post=303"}],"version-history":[{"count":24,"href":"https:\/\/stark-bilder.ch\/files\/wp-json\/wp\/v2\/pages\/303\/revisions"}],"predecessor-version":[{"id":2998,"href":"https:\/\/stark-bilder.ch\/files\/wp-json\/wp\/v2\/pages\/303\/revisions\/2998"}],"wp:attachment":[{"href":"https:\/\/stark-bilder.ch\/files\/wp-json\/wp\/v2\/media?parent=303"}],"curies":[{"name":"wp","href":"https:\/\/api.w.org\/{rel}","templated":true}]}}